{"id":14,"date":"2020-11-03T12:04:18","date_gmt":"2020-11-03T11:04:18","guid":{"rendered":"http:\/\/mode-patrimoine.com\/?page_id=14"},"modified":"2021-03-06T21:30:09","modified_gmt":"2021-03-06T20:30:09","slug":"accueil","status":"publish","type":"page","link":"https:\/\/mode-patrimoine.com\/","title":{"rendered":"Sp\u00e9cialis\u00e9es dans la valorisation du patrimoine mode et textile, nos \u00e9quipes accompagnent les institutions publiques et priv\u00e9es ainsi que les particuliers dans la r\u00e9alisation de leurs projets."},"content":{"rendered":"\n<div class=\"wp-block-buttons aligncenter\">\n<div class=\"wp-block-button is-style-primary\"><a class=\"wp-block-button__link has-black-color has-white-background-color has-text-color has-background no-border-radius\" href=\"https:\/\/mode-patrimoine.com\/index.php\/nos-prestations\/\">d\u00e9couvrir nos prestations<\/a><\/div>\n<\/div>\n\n\n\n<div class=\"wp-block-image is-style-default\"><figure class=\"aligncenter size-large\"><img loading=\"lazy\" width=\"1024\" height=\"683\" src=\"http:\/\/mode-patrimoine.com\/wp-content\/uploads\/2020\/11\/171A2308-1024x683.jpg\" alt=\"\" class=\"wp-image-16\" srcset=\"https:\/\/mode-patrimoine.com\/wp-content\/uploads\/2020\/11\/171A2308-1024x683.jpg 1024w, https:\/\/mode-patrimoine.com\/wp-content\/uploads\/2020\/11\/171A2308-300x200.jpg 300w, https:\/\/mode-patrimoine.com\/wp-content\/uploads\/2020\/11\/171A2308-768x512.jpg 768w, https:\/\/mode-patrimoine.com\/wp-content\/uploads\/2020\/11\/171A2308-1536x1024.jpg 1536w, https:\/\/mode-patrimoine.com\/wp-content\/uploads\/2020\/11\/171A2308-2048x1365.jpg 2048w, https:\/\/mode-patrimoine.com\/wp-content\/uploads\/2020\/11\/171A2308-930x620.jpg 930w\" sizes=\"(max-width: 1024px) 100vw, 1024px\" \/><figcaption>Photographe Sophie Carre<\/figcaption><\/figure><\/div>\n\n\n\n<p><\/p>\n","protected":false},"excerpt":{"rendered":"","protected":false},"author":1,"featured_media":16,"parent":0,"menu_order":0,"comment_status":"closed","ping_status":"closed","template":"","meta":{"neve_meta_sidebar":"full-width","neve_meta_container":"","neve_meta_enable_content_width":"on","neve_meta_content_width":100,"neve_meta_title_alignment":"","neve_meta_author_avatar":"","neve_post_elements_order":"","neve_meta_disable_header":"","neve_meta_disable_footer":"","neve_meta_disable_title":""},"_links":{"self":[{"href":"https:\/\/mode-patrimoine.com\/index.php\/wp-json\/wp\/v2\/pages\/14"}],"collection":[{"href":"https:\/\/mode-patrimoine.com\/index.php\/wp-json\/wp\/v2\/pages"}],"about":[{"href":"https:\/\/mode-patrimoine.com\/index.php\/wp-json\/wp\/v2\/types\/page"}],"author":[{"embeddable":true,"href":"https:\/\/mode-patrimoine.com\/index.php\/wp-json\/wp\/v2\/users\/1"}],"replies":[{"embeddable":true,"href":"https:\/\/mode-patrimoine.com\/index.php\/wp-json\/wp\/v2\/comments?post=14"}],"version-history":[{"count":20,"href":"https:\/\/mode-patrimoine.com\/index.php\/wp-json\/wp\/v2\/pages\/14\/revisions"}],"predecessor-version":[{"id":80,"href":"https:\/\/mode-patrimoine.com\/index.php\/wp-json\/wp\/v2\/pages\/14\/revisions\/80"}],"wp:featuredmedia":[{"embeddable":true,"href":"https:\/\/mode-patrimoine.com\/index.php\/wp-json\/wp\/v2\/media\/16"}],"wp:attachment":[{"href":"https:\/\/mode-patrimoine.com\/index.php\/wp-json\/wp\/v2\/media?parent=14"}],"curies":[{"name":"wp","href":"https:\/\/api.w.org\/{rel}","templated":true}]}}