{"id":26,"date":"2020-11-03T12:19:55","date_gmt":"2020-11-03T11:19:55","guid":{"rendered":"http:\/\/mode-patrimoine.com\/?page_id=26"},"modified":"2021-03-06T21:18:44","modified_gmt":"2021-03-06T20:18:44","slug":"presentation","status":"publish","type":"page","link":"https:\/\/mode-patrimoine.com\/index.php\/presentation\/","title":{"rendered":"Pr\u00e9sentation"},"content":{"rendered":"\n<div class=\"wp-block-group\"><div class=\"wp-block-group__inner-container\">\n<div class=\"wp-block-columns\">\n<div class=\"wp-block-column\">\n<figure class=\"wp-block-image size-large\"><img src=\"https:\/\/s.w.org\/images\/core\/5.5\/don-quixote-02.jpg\" alt=\"\"\/><\/figure>\n\n\n\n<p style=\"font-size:18px\">Historienne de l\u2019Art, dipl\u00f4m\u00e9e de l\u2019\u00c9cole du Louvre, Lola Barillot est sp\u00e9cialis\u00e9e en Histoire de la Mode et du Costume et a \u00e9galement men\u00e9 des recherches en Anthropologie culturelle et sociale ainsi qu\u2019en Histoire de la Photographie. Apr\u00e8s des exp\u00e9riences professionnelles dans divers mus\u00e9es et d\u00e9partements patrimoine de maisons de Couture, elle s\u2019est sp\u00e9cialis\u00e9e dans le commissariat d\u2019expositions. En tant qu\u2019assistante, elle a pu coordonner les diff\u00e9rentes \u00e9tapes de ce type de projet en lien avec l\u2019ensemble des acteurs, de la documentation \u00e0 la mise en exposition.Travaillant depuis plus de six ans au sein des collections mode et textile, elle a aussi acquis de solides connaissances th\u00e9oriques et pratiques sur les questions de r\u00e9colement, la gestion et la pr\u00e9vention des collections, la mise en exposition d\u2019\u0153uvres de mode et la recherche documentaire. Parall\u00e8lement \u00e0 cela, elle poursuit ses activit\u00e9s de recherche en tant qu\u2019autrice sur des sujets ponctuels et est l\u2019iconographe d\u2019une revue sp\u00e9cialis\u00e9e en design de mode.<\/p>\n<\/div>\n\n\n\n<div class=\"wp-block-column\">\n<figure class=\"wp-block-image size-large\"><img src=\"https:\/\/s.w.org\/images\/core\/5.5\/don-quixote-04.jpg\" alt=\"\"\/><\/figure>\n\n\n\n<p style=\"font-size:18px\">Historienne de l&#8217;art, Mathilde Le Corre est dipl\u00f4m\u00e9e de l&#8217;universit\u00e9 Paris-Sorbonne. Ses recherches l&#8217;ont amen\u00e9 \u00e0 se sp\u00e9cialiser dans l&#8217;histoire de la mode et du textile avec une attention particuli\u00e8re pour les collections allant du XX<sup>\u00e8me<\/sup> si\u00e8cle \u00e0 nos jours. Apr\u00e8s des exp\u00e9riences dans des institutions publiques et priv\u00e9es, notamment au mus\u00e9e des Arts D\u00e9coratifs, Mathilde Le Corre s&#8217;est int\u00e9ress\u00e9e aux probl\u00e9matiques de mise en exposition du patrimoine de mode. En dialogue avec l&#8217;ensemble des acteurs des institutions, elle a travaill\u00e9 sur les diff\u00e9rentes \u00e9tapes pr\u00e9paratoires de la mise en exposition de plus d&#8217;une quinzaine de projets en France et \u00e0 l&#8217;internationale, acqu\u00e9rant ainsi une solide exp\u00e9rience dans ce domaine. Travaillant depuis plus de six ans au sein de collections mode et textile, elle a acquis des connaissances pratiques et th\u00e9oriques dans les domaines de la gestion de collections, ma\u00eetrisant ses diff\u00e9rentes applications, de la conservation pr\u00e9ventive \u00e0 la r\u00e9gie des \u0153uvres, au convoiement d\u2019\u0153uvres dans le cadre de pr\u00eats. Parall\u00e8lement \u00e0 cela, elle poursuit ses activit\u00e9s de recherche en tant que commissaire d&#8217;expositions et \u00e9crit des articles sp\u00e9cialis\u00e9s.<\/p>\n<\/div>\n<\/div>\n<\/div><\/div>\n","protected":false},"excerpt":{"rendered":"","protected":false},"author":1,"featured_media":0,"parent":0,"menu_order":0,"comment_status":"closed","ping_status":"closed","template":"","meta":{"neve_meta_sidebar":"full-width","neve_meta_container":"contained","neve_meta_enable_content_width":"on","neve_meta_content_width":80,"neve_meta_title_alignment":"","neve_meta_author_avatar":"","neve_post_elements_order":"","neve_meta_disable_header":"","neve_meta_disable_footer":"","neve_meta_disable_title":"on"},"_links":{"self":[{"href":"https:\/\/mode-patrimoine.com\/index.php\/wp-json\/wp\/v2\/pages\/26"}],"collection":[{"href":"https:\/\/mode-patrimoine.com\/index.php\/wp-json\/wp\/v2\/pages"}],"about":[{"href":"https:\/\/mode-patrimoine.com\/index.php\/wp-json\/wp\/v2\/types\/page"}],"author":[{"embeddable":true,"href":"https:\/\/mode-patrimoine.com\/index.php\/wp-json\/wp\/v2\/users\/1"}],"replies":[{"embeddable":true,"href":"https:\/\/mode-patrimoine.com\/index.php\/wp-json\/wp\/v2\/comments?post=26"}],"version-history":[{"count":3,"href":"https:\/\/mode-patrimoine.com\/index.php\/wp-json\/wp\/v2\/pages\/26\/revisions"}],"predecessor-version":[{"id":75,"href":"https:\/\/mode-patrimoine.com\/index.php\/wp-json\/wp\/v2\/pages\/26\/revisions\/75"}],"wp:attachment":[{"href":"https:\/\/mode-patrimoine.com\/index.php\/wp-json\/wp\/v2\/media?parent=26"}],"curies":[{"name":"wp","href":"https:\/\/api.w.org\/{rel}","templated":true}]}}